{"id":2221,"date":"2013-02-05T18:07:19","date_gmt":"2013-02-05T17:07:19","guid":{"rendered":"https:\/\/www.interor.fr\/montresdeluxe\/?page_id=2221"},"modified":"2019-12-16T17:18:29","modified_gmt":"2019-12-16T16:18:29","slug":"accueil-2","status":"publish","type":"page","link":"https:\/\/www.interor.fr\/montresdeluxe\/","title":{"rendered":"Accueil"},"content":{"rendered":"<h1>Comment vendre votre montre de marque de luxe pour en obtenir le meilleur prix ?<\/h1>\n<div align=\"center\"><div id=\"metaslider-id-3625\" style=\"max-width: 770px;\" class=\"ml-slider-3-108-0 metaslider metaslider-flex metaslider-3625 ml-slider has-dots-nav ms-theme-default\" role=\"region\" aria-label=\"Slide Home\" data-height=\"440\" data-width=\"770\">\n    <div id=\"metaslider_container_3625\">\n        <div id=\"metaslider_3625\" class=\"flexslider\">\n            <ul class='slides'>\n                <li style=\"display: block; width: 100%;\" class=\"slide-3636 ms-image \" aria-roledescription=\"slide\" data-date=\"2019-12-16 13:33:26\" data-filename=\"Assemblage-770x440.jpg\" data-slide-type=\"image\"><img loading=\"lazy\" decoding=\"async\" src=\"https:\/\/www.interor.fr\/montresdeluxe\/wp-content\/uploads\/2013\/02\/Assemblage-770x440.jpg\" height=\"440\" width=\"770\" alt=\"\" class=\"slider-3625 slide-3636 msDefaultImage\" title=\"Assemblage\" \/><\/li>\n                <li style=\"display: none; width: 100%;\" class=\"slide-3635 ms-image \" aria-roledescription=\"slide\" data-date=\"2019-12-16 13:33:26\" data-filename=\"1815-Rattrapante-O\u0308-Calandrier-Perpetuel-en-Or-Rose-770x440.jpg\" data-slide-type=\"image\"><img loading=\"lazy\" decoding=\"async\" src=\"https:\/\/www.interor.fr\/montresdeluxe\/wp-content\/uploads\/2013\/02\/1815-Rattrapante-O\u0308-Calandrier-Perpetuel-en-Or-Rose-770x440.jpg\" height=\"440\" width=\"770\" alt=\"\" class=\"slider-3625 slide-3635 msDefaultImage\" title=\"1815 Rattrapante O\u0308 Calandrier Perpetuel en Or Rose\" \/><\/li>\n                <li style=\"display: none; width: 100%;\" class=\"slide-3633 ms-image \" aria-roledescription=\"slide\" data-date=\"2019-12-16 13:33:26\" data-filename=\"Collection-louis-vuitton-647x370.jpg\" data-slide-type=\"image\"><img loading=\"lazy\" decoding=\"async\" src=\"https:\/\/www.interor.fr\/montresdeluxe\/wp-content\/uploads\/2013\/05\/Collection-louis-vuitton-647x370.jpg\" height=\"440\" width=\"770\" alt=\"\" class=\"slider-3625 slide-3633 msDefaultImage\" title=\"Collection-louis-vuitton\" \/><\/li>\n                <li style=\"display: none; width: 100%;\" class=\"slide-3626 ms-image \" aria-roledescription=\"slide\" data-date=\"2019-12-16 13:24:05\" data-filename=\"2012-Royal-Oak-40\u00e8me-anniversaire-770x440.jpg\" data-slide-type=\"image\"><img loading=\"lazy\" decoding=\"async\" src=\"https:\/\/www.interor.fr\/montresdeluxe\/wp-content\/uploads\/2013\/01\/2012-Royal-Oak-40\u00e8me-anniversaire-770x440.jpg\" height=\"440\" width=\"770\" alt=\"\" class=\"slider-3625 slide-3626 msDefaultImage\" title=\"2012 - Royal Oak 40\u00e8me anniversaire\" \/><\/li>\n                <li style=\"display: none; width: 100%;\" class=\"slide-3634 ms-image \" aria-roledescription=\"slide\" data-date=\"2019-12-16 13:33:26\" data-filename=\"panneau-Interor-blanc.png\" data-slide-type=\"image\"><img loading=\"lazy\" decoding=\"async\" src=\"https:\/\/www.interor.fr\/montresdeluxe\/wp-content\/uploads\/2013\/02\/panneau-Interor-blanc.png\" height=\"440\" width=\"770\" alt=\"Appelez Interor Paris pour vendre montre luxe\" class=\"slider-3625 slide-3634 msDefaultImage\" title=\"Appelez Interor Paris pour vendre montre luxe\" \/><\/li>\n                <li style=\"display: none; width: 100%;\" class=\"slide-3630 ms-image \" aria-roledescription=\"slide\" data-date=\"2019-12-16 13:33:25\" data-filename=\"jaeger3-770x440.png\" data-slide-type=\"image\"><img loading=\"lazy\" decoding=\"async\" src=\"https:\/\/www.interor.fr\/montresdeluxe\/wp-content\/uploads\/2013\/05\/jaeger3-770x440.png\" height=\"440\" width=\"770\" alt=\"\" class=\"slider-3625 slide-3630 msDefaultImage\" title=\"jaeger3\" \/><\/li>\n                <li style=\"display: none; width: 100%;\" class=\"slide-3644 ms-image \" aria-roledescription=\"slide\" data-date=\"2019-12-16 13:41:46\" data-filename=\"panneau-Interor-blanc.png\" data-slide-type=\"image\"><img loading=\"lazy\" decoding=\"async\" src=\"https:\/\/www.interor.fr\/montresdeluxe\/wp-content\/uploads\/2013\/02\/panneau-Interor-blanc.png\" height=\"440\" width=\"770\" alt=\"Appelez Interor Paris pour vendre montre luxe\" class=\"slider-3625 slide-3644 msDefaultImage\" title=\"Appelez Interor Paris pour vendre montre luxe\" \/><\/li>\n                <li style=\"display: none; width: 100%;\" class=\"slide-3643 ms-image \" aria-roledescription=\"slide\" data-date=\"2019-12-16 13:39:05\" data-filename=\"panneau-Interor-blanc.png\" data-slide-type=\"image\"><img loading=\"lazy\" decoding=\"async\" src=\"https:\/\/www.interor.fr\/montresdeluxe\/wp-content\/uploads\/2013\/02\/panneau-Interor-blanc.png\" height=\"440\" width=\"770\" alt=\"Appelez Interor Paris pour vendre montre luxe\" class=\"slider-3625 slide-3643 msDefaultImage\" title=\"Appelez Interor Paris pour vendre montre luxe\" \/><\/li>\n                <li style=\"display: none; width: 100%;\" class=\"slide-3637 ms-image \" aria-roledescription=\"slide\" data-date=\"2019-12-16 13:33:26\" data-filename=\"1815-Rattrapante-O\u0308-Calandrier-Perpetuel-en-Or-Rose-avant-770x440.jpg\" data-slide-type=\"image\"><img loading=\"lazy\" decoding=\"async\" src=\"https:\/\/www.interor.fr\/montresdeluxe\/wp-content\/uploads\/2013\/02\/1815-Rattrapante-O\u0308-Calandrier-Perpetuel-en-Or-Rose-avant-770x440.jpg\" height=\"440\" width=\"770\" alt=\"\" class=\"slider-3625 slide-3637 msDefaultImage\" title=\"1815 Rattrapante O\u0308 Calandrier Perpetuel en Or Rose (avant)\" \/><\/li>\n                <li style=\"display: none; width: 100%;\" class=\"slide-3640 ms-image \" aria-roledescription=\"slide\" data-date=\"2019-12-16 13:33:26\" data-filename=\"Girard-Perregaux-Ferrari-Chronograph-foudroyante.png\" data-slide-type=\"image\"><img loading=\"lazy\" decoding=\"async\" src=\"https:\/\/www.interor.fr\/montresdeluxe\/wp-content\/uploads\/2013\/02\/Girard-Perregaux-Ferrari-Chronograph-foudroyante.png\" height=\"440\" width=\"770\" alt=\"\" class=\"slider-3625 slide-3640 msDefaultImage\" title=\"Girard-Perregaux-Ferrari-Chronograph-foudroyante\" \/><\/li>\n                <li style=\"display: none; width: 100%;\" class=\"slide-3632 ms-image \" aria-roledescription=\"slide\" data-date=\"2019-12-16 13:33:25\" data-filename=\"jaeger1-770x440.png\" data-slide-type=\"image\"><img loading=\"lazy\" decoding=\"async\" src=\"https:\/\/www.interor.fr\/montresdeluxe\/wp-content\/uploads\/2013\/05\/jaeger1-770x440.png\" height=\"440\" width=\"770\" alt=\"\" class=\"slider-3625 slide-3632 msDefaultImage\" title=\"jaeger1\" \/><\/li>\n                <li style=\"display: none; width: 100%;\" class=\"slide-3639 ms-image \" aria-roledescription=\"slide\" data-date=\"2019-12-16 13:33:26\" data-filename=\"Ingenieur-Automatic-AMG-black-series-ceramic-770x440.jpg\" data-slide-type=\"image\"><img loading=\"lazy\" decoding=\"async\" src=\"https:\/\/www.interor.fr\/montresdeluxe\/wp-content\/uploads\/2013\/02\/Ingenieur-Automatic-AMG-black-series-ceramic-770x440.jpg\" height=\"440\" width=\"770\" alt=\"\" class=\"slider-3625 slide-3639 msDefaultImage\" title=\"Ingenieur Automatic AMG black series ceramic\" \/><\/li>\n                <li style=\"display: none; width: 100%;\" class=\"slide-3638 ms-image \" aria-roledescription=\"slide\" data-date=\"2019-12-16 13:33:26\" data-filename=\"1815-Chronograph-770x440.jpg\" data-slide-type=\"image\"><img loading=\"lazy\" decoding=\"async\" src=\"https:\/\/www.interor.fr\/montresdeluxe\/wp-content\/uploads\/2013\/02\/1815-Chronograph-770x440.jpg\" height=\"440\" width=\"770\" alt=\"\" class=\"slider-3625 slide-3638 msDefaultImage\" title=\"1815 Chronograph\" \/><\/li>\n                <li style=\"display: none; width: 100%;\" class=\"slide-3631 ms-image \" aria-roledescription=\"slide\" data-date=\"2019-12-16 13:33:25\" data-filename=\"jaeger2-770x440.png\" data-slide-type=\"image\"><img loading=\"lazy\" decoding=\"async\" src=\"https:\/\/www.interor.fr\/montresdeluxe\/wp-content\/uploads\/2013\/05\/jaeger2-770x440.png\" height=\"440\" width=\"770\" alt=\"\" class=\"slider-3625 slide-3631 msDefaultImage\" title=\"jaeger2\" \/><\/li>\n            <\/ul>\n        <\/div>\n        \n    <\/div>\n<\/div><\/div>\n<h3>Demandez-nous <strong>une expertise gratuite<\/strong> si vous poss\u00e9dez une montre de luxe des marques :<\/h3>\n<p><a title=\"Achat Montres A.Lange &amp; S\u00f6hne\" href=\"\/montresdeluxe\/achat-a-lange-sohne\/\" target=\"_blank\" rel=\"noopener noreferrer\">A. Lange &amp; S\u00f6hne<\/a> | <a title=\"Achat Montres Audemars Piguet\" href=\"\/montresdeluxe\/achat-audemars-piguet\/\" target=\"_blank\" rel=\"noopener noreferrer\">Audemars Piguet<\/a> | <a title=\"Achat Montres Baume &amp; Mercier\" href=\"\/montresdeluxe\/achat-baume-mercier\/\" target=\"_blank\" rel=\"noopener noreferrer\">Baume &amp; Mercier<\/a> | <a title=\"Achat Montres Bell &amp; Ross\" href=\"\/montresdeluxe\/achat-bell-ross\/\" target=\"_blank\" rel=\"noopener noreferrer\">Bell &amp;Ross<\/a> | <a title=\"Achat Montres BlancPain\" href=\"\/montresdeluxe\/achat-montres-blancpain\/\" target=\"_blank\" rel=\"noopener noreferrer\">Blancpain <\/a>| <a title=\"Achat Montres Breguet\" href=\"https:\/\/www.interor.fr\/montresdeluxe\/achat-montres-breguet\/\" target=\"_blank\" rel=\"noopener noreferrer\">Breguet<\/a> | <a title=\"Achat Montres Breitling\" href=\"\/montresdeluxe\/achat-montres-breitling\/\" target=\"_blank\" rel=\"noopener noreferrer\">Breitling<\/a> | <a title=\"Achat Montres BRM\" href=\"https:\/\/www.interor.fr\/montresdeluxe\/achat-montres-brm\" target=\"_blank\" rel=\"noopener noreferrer\">B.R.M <\/a>| <a title=\"Achat Montres Cartier\" href=\"\/montresdeluxe\/achat-montres-cartier\/\" target=\"_blank\" rel=\"noopener noreferrer\">Cartier<\/a> | <a title=\"Achat Montres Chanel\" href=\"https:\/\/www.interor.fr\/montresdeluxe\/achat-montres-chanel\/\" target=\"_blank\" rel=\"noopener noreferrer\">Chanel <\/a>| <a title=\"Achat Montres Chopard\" href=\"https:\/\/www.interor.fr\/montresdeluxe\/achat-montre-chopard\/\" target=\"_blank\" rel=\"noopener noreferrer\">Chopard<\/a> | <a title=\"Achat Montres Montres Corum\" href=\"\/montresdeluxe\/achat-corum\/\" target=\"_blank\" rel=\"noopener noreferrer\">Corum<\/a> | <a title=\"Achat Montres Chopard\" href=\"https:\/\/www.interor.fr\/montresdeluxe\/achat-montre-dior\/\" target=\"_blank\" rel=\"noopener noreferrer\">Dior<\/a> |<a title=\"Achat Montres Frank Muller\" href=\"https:\/\/www.interor.fr\/montresdeluxe\/achat-montres-frank-muller\/\" target=\"_blank\" rel=\"noopener noreferrer\"> Frank Muller<\/a> | <a title=\"Achat Montres Girard Perregaux\" href=\"\/montresdeluxe\/achat-montres-girard-perregaux\/\" target=\"_blank\" rel=\"noopener noreferrer\">Girard Perregaux<\/a> | <a title=\"Achat Montres Hublot\" href=\"\/montresdeluxe\/achat-hublot\/\" target=\"_blank\" rel=\"noopener noreferrer\"> Hublot<\/a> | <a title=\"Achat Montres I.W.C\" href=\"\/montresdeluxe\/achat-montres-iwc\/\" target=\"_blank\" rel=\"noopener noreferrer\">I.W.C<\/a> | <a title=\"Achat Montres Jaeger LeCoultre\" href=\"https:\/\/www.interor.fr\/montresdeluxe\/achat-montres-jaeger-lecoultre\/\" target=\"_blank\" rel=\"noopener noreferrer\">Jaeger-Lecoultre<\/a> | <a title=\"Achat Montres Louis Leroy\" href=\"https:\/\/www.interor.fr\/montresdeluxe\/achat-montres-louis-leroy\/\" target=\"_blank\" rel=\"noopener noreferrer\">L.Leroy<\/a> | <a title=\"Achat Montres Louis Vuitton\" href=\"https:\/\/www.interor.fr\/montresdeluxe\/achat-montres-louis-vuitton\/\" target=\"_blank\" rel=\"noopener noreferrer\">Louis Vuitton<\/a> | <a title=\"Achat Montres MontBlanc\" href=\"\/montresdeluxe\/achat-montres-montblanc\/\" target=\"_blank\" rel=\"noopener noreferrer\">Montblanc<\/a> | <a title=\"Achat Montres Panerai\" href=\"https:\/\/www.interor.fr\/montresdeluxe\/achat-montre-panerai\/\" target=\"_blank\" rel=\"noopener noreferrer\">Panerai<\/a> | <a href=\"\/montresdeluxe\/achat-montres-omega\/\" target=\"_blank\" rel=\"noopener noreferrer\">Omega<\/a> | <a title=\"Achat Montres Patek Philippe\" href=\"\/montresdeluxe\/achat-patek-philippe\/\" target=\"_blank\" rel=\"noopener noreferrer\">Patek Philippe<\/a> | <a title=\"Achat Montres Piaget Luxe\" href=\"\/montresdeluxe\/achat-piaget\/\" target=\"_blank\" rel=\"noopener noreferrer\">Piaget<\/a> | <a title=\"Achat Montres Richard Mille\" href=\"https:\/\/www.interor.fr\/montresdeluxe\/achat-montres-richard-mille\/\" target=\"_blank\" rel=\"noopener noreferrer\">Richard Mille <\/a>| <a title=\"Achat Montres Roger Dubuis\" href=\"https:\/\/www.interor.fr\/montresdeluxe\/achat-montres-roger-dubuis\/\" target=\"_blank\" rel=\"noopener noreferrer\"> Roger Dubuis<\/a> | <a title=\"Achat Montres Rolex\" href=\"\/montresdeluxe\/achat-rolex\/\" target=\"_blank\" rel=\"noopener noreferrer\">Rolex<\/a> | <a title=\"Achat Montres Tag Heuer\" href=\"\/montresdeluxe\/achat-tag-heuer\/\" target=\"_blank\" rel=\"noopener noreferrer\">Tag Heuer <\/a>| <a title=\"Achat Montres Tudor\" href=\"\/montresdeluxe\/achat-tudor\/\" target=\"_blank\" rel=\"noopener noreferrer\">Tudor<\/a> |<br \/>\n<a title=\"Achat Montres Vacheron Constantin\" href=\"\/montresdeluxe\/achat-montres-vacheron-constantin\/\" target=\"_blank\" rel=\"noopener noreferrer\"> Vacheron Constantin<\/a> |<a title=\"Achat Montres Zenith\" href=\"\/montresdeluxe\/achat-montres-zenith\/\" target=\"_blank\" rel=\"noopener noreferrer\"> Zenith<\/a><\/p>\n<div align=\"center\"><strong>Inter&rsquo;Or :<\/strong> 132 Avenue du Maine 75014 Paris.<br \/>\nT\u00e9l : 01 43 21 48 45 -01 43 35 36 77<br \/>\nDu Lundi au Vendredi de 10h \u00e0 12h30 et de 14h \u00e0 18h.<br \/>\nM\u00e9tro Gait\u00e9\u00a0 ou Bus 92 et 58<\/div>\n<h2>La haute horlogerie la plus recherch\u00e9e sur Internet<\/h2>\n<p>Selon le <a title=\"Montres Luxe Haute Horlogerie\" href=\"http:\/\/www.worldwatchreport.com\/\" target=\"_blank\" rel=\"noopener noreferrer\">World Watch Report<\/a>, l&rsquo;organisme qui se consacre \u00e0 \u00e9tudier la perception des <strong>marques de montre de luxe<\/strong> dans le monde, l&rsquo;int\u00e9r\u00eat pour les montres de prestige continue d&rsquo;augmenter.<br \/>\nCet organisme \u00e9tudie une vingtaine de marques de montres de prestige dans une vingtaine de pays, \u00e9tant bien entendu que les pays \u00e9tudi\u00e9s sont ceux o\u00fa ces montres de luxe ont un march\u00e9 bien install\u00e9.<br \/>\nL&rsquo;\u00e9tude porte uniquement sur les recherches portant sur <strong>la haute horlogerie<\/strong> et il n&rsquo;est pas surprenant de d\u00e9couvrir que les tendances de recherches sur le web correspondent aux tendances commerciales mondiales.<br \/>\nAinsi, pr\u00e8s de la moti\u00e9 des recherches sur les <strong>marques de montres de haute horlogerie<\/strong> proviennent des grands pays asiatiques tandis que les pays comme les Etats-Unis ou le Japon semblent moins s&rsquo;y int\u00e9resser : les crises \u00e9conomiques sont-elles les coupables ?<br \/>\nEn ce qui concerne les marques les plus cherch\u00e9es, le podium est domin\u00e9 par le leader des recherches, \u00e0 savoir la marque <strong>Patek Philippe<\/strong> suivie mais loin derri\u00e8re par<strong> Jaeger-LeCoultre<\/strong> et <strong>Vacheron Constantin<\/strong>. Ces deux derni\u00e8res marques repr\u00e9sentent les deux, ensemble, la moiti\u00e9 des recherches de la seule marque <strong>Patek Philippe<\/strong>. Par contre la grande perc\u00e9e pour le nombre de recherches en 2012 est r\u00e9alis\u00e9e par la marque <strong>Richard Mille<\/strong> avec pr\u00e8s de 60% d&rsquo;augmentation de requ\u00eates par rapport \u00e0 2011.<br \/>\n<strong>Et si on parlait mod\u00e8les des marques de prestige ?<\/strong><br \/>\nL\u00e0, ind\u00e9niablement et toujours selon le WorldWatch Report 2012, la palme est remport\u00e9e par la montre f\u00e9tiche de la maison <strong>Audemars Piguet<\/strong>, \u00e0 savoir la <strong>Royal Oak<\/strong> mais suivie de tr\u00e8s pr\u00e8s par la <strong>Reverso de Jaeger-leCoultre<\/strong> et de nouveau, carton plein pour <strong>Audemars Piguet<\/strong> avec la troisi\u00e8me marche de ce prestigieux podium et son <strong>mod\u00e8le Royal Oak Offshore<\/strong>. Il faut quand m\u00eame porter \u00e0 son cr\u00e9dit le fait que ce mod\u00e8le a profit\u00e9 de son 40\u00e8me anniversaire avec\u00a0 nombreuses expositions qui ont eu lieu dans le monde entier pour soutenir sa renomm\u00e9e.<br \/>\n<strong>Et si nous parlions pays ?<\/strong><br \/>\nLes russes penchent nettement pour le mod\u00e8le <strong>L\u00e9man de la maison BlancPain<\/strong> tandis que les chinois ne r\u00eavent que de l&rsquo;<strong>Overseas de Vacheron Constantin<\/strong>. Pour les internautes fran\u00e7ais, les recherches les plus importantes se portent sur la <strong>Reverso de Jaeger-LeCoultre et la Nautilus de Patek Philippe<\/strong>.<br \/>\nDu c\u00f4t\u00e9 du soleil levant, la montre qui d\u00e9croche la premi\u00e8re place dans le coeur des japonais\u00a0 est le mod\u00e8le <strong>1945 de Girard-Perreguaux<\/strong>. Il ne reste plus qu&rsquo;\u00e0 attendre le prestigieux salon \u00ab\u00a0<a href=\"http:\/\/www.baselworld.com\" target=\"_blank\" rel=\"noopener noreferrer\">BaselWorld Watch<\/a>\u00a0\u00bb pour en savoir plus sur les grandes tendances sur le<strong> march\u00e9 de l&rsquo;horlogerie de prestige dans le monde<\/strong>.<\/p>\n<p style=\"text-align: center;\"><a href=\"http:\/\/www.interor.fr\/\"><img loading=\"lazy\" decoding=\"async\" class=\"aligncenter size-full wp-image-2307\" src=\"https:\/\/www.interor.fr\/montresdeluxe\/wp-content\/uploads\/2013\/02\/interor-achat-or-logo600.png\" alt=\"Achat Or Interor\" width=\"619\" height=\"183\" srcset=\"https:\/\/www.interor.fr\/montresdeluxe\/wp-content\/uploads\/2013\/02\/interor-achat-or-logo600.png 619w, https:\/\/www.interor.fr\/montresdeluxe\/wp-content\/uploads\/2013\/02\/interor-achat-or-logo600-300x88.png 300w\" sizes=\"auto, (max-width: 619px) 100vw, 619px\" \/><\/a><\/p>\n<h4 style=\"text-align: center;\">132, avenue du Maine &#8211; 75014 Paris<\/h4>\n<h5 style=\"text-align: center;\">T\u00e9l : 01 43 21 48 45 &#8211; 01 43 35 36 77<\/h5>\n<p style=\"text-align: center;\">Du Lundi au Vendredi de 10h \u00e0 12h30 et de 14h \u00e0 18h.<br \/>\nM\u00e9tro Gait\u00e9\u00a0 ou Bus 28 et 58<\/p>\n<div align=\"center\">\n<p><img loading=\"lazy\" decoding=\"async\" src=\"https:\/\/www.interor.fr\/montresdeluxe\/wp-content\/uploads\/2013\/02\/montresmarques1100px.png\" alt=\"Achat Montres luxe\" usemap=\"#Achat Montres luxes\" width=\"1100\" height=\"250\" border=\"0\" \/><\/p>\n<p><a href=\"tel:0143214845\" target=\"_blank\" rel=\"noopener noreferrer\"><img loading=\"lazy\" decoding=\"async\" class=\"wp-image-2510 size-full aligncenter\" src=\"https:\/\/www.interor.fr\/montresdeluxe\/wp-content\/uploads\/2013\/02\/panneau-Interor-blanc.png\" alt=\"Appelez Interor Paris pour vendre montre luxe\" width=\"770\" height=\"440\" srcset=\"https:\/\/www.interor.fr\/montresdeluxe\/wp-content\/uploads\/2013\/02\/panneau-Interor-blanc.png 770w, https:\/\/www.interor.fr\/montresdeluxe\/wp-content\/uploads\/2013\/02\/panneau-Interor-blanc-300x171.png 300w\" sizes=\"auto, (max-width: 770px) 100vw, 770px\" \/><\/a><\/p>\n<map name=\"Achat Montres luxes\">\n<area title=\"Achat Montres Tudor\" alt=\"achat Montres Tudor\" coords=\"965,158,1025,196\" shape=\"rect\" href=\"https:\/\/www.interor.fr\/montresdeluxe\/achat-tudor\/\" target=\"_blank\" \/>\n<area title=\"Achat Montres Tag Heuer\" alt=\"Achat Montres Tag Heuer\" coords=\"702,205,954,246\" shape=\"rect\" href=\"https:\/\/www.interor.fr\/montresdeluxe\/achat-tag-heuer\/\" target=\"_blank\" \/>\n<area title=\"Achat Montres rolex\" alt=\"Achat Montres rolex\" coords=\"591,144,691,196\" shape=\"rect\" href=\"https:\/\/www.interor.fr\/montresdeluxe\/achat-rolex\/\" target=\"_blank\" \/>\n<area title=\"Achat Montres Piaget\" alt=\"Achat Montres Piaget\" coords=\"1026,84,1095,124\" shape=\"rect\" href=\"https:\/\/www.interor.fr\/montresdeluxe\/achat-piaget\/\" target=\"_blank\" \/>\n<area title=\"achat Montres Patek Philippe\" alt=\"achat Montres Patek Philippe\" coords=\"389,71,513,132\" shape=\"rect\" href=\"https:\/\/www.interor.fr\/montresdeluxe\/achat-patek-philippe\/\" target=\"_blank\" \/>\n<area title=\"Achat Montres Girard Perregaux\" alt=\"Achat Montres Girard Perregaux\" coords=\"685,72,819,115\" shape=\"rect\" href=\"https:\/\/www.interor.fr\/montresdeluxe\/achat-montres-girard-perregaux\/\" target=\"_blank\" \/>\n<area title=\"Achat Montres Bell Ross\" alt=\"Achat Montres Bell Ross\" coords=\"339,7,447,42\" shape=\"rect\" href=\"https:\/\/www.interor.fr\/montresdeluxe\/achat-bell-ross\/\" target=\"_blank\" \/>\n<area title=\"Achat Montres Baume et Mercier\" alt=\"Achat Montres Baume et Mercier\" coords=\"8,188,132,246\" shape=\"rect\" href=\"https:\/\/www.interor.fr\/montresdeluxe\/achat-baume-mercier\/\" target=\"_blank\" \/>\n<area title=\"Achat Montres IWC\" alt=\"Achat montres IWC\" coords=\"827,7,964,67\" shape=\"rect\" href=\"https:\/\/www.interor.fr\/montresdeluxe\/achat-montres-iwc\/\" target=\"_blank\" \/>\n<area title=\"Achat Montres Hublot\" alt=\"Achat montres hublot\" coords=\"728,0,789,67\" shape=\"rect\" href=\"https:\/\/www.interor.fr\/montresdeluxe\/achat-hublot\/\" target=\"_blank\" \/>\n<area title=\"Achat Corum\" alt=\"Achat Montres Corum\" coords=\"455,10,561,59\" shape=\"rect\" href=\"https:\/\/www.interor.fr\/montresdeluxe\/achat-corum\/\" target=\"_blank\" \/>\n<area title=\"Achat Audemars Piguet\" alt=\"Rachat Montres Audemars Piguet\" coords=\"177,4,330,65\" shape=\"rect\" href=\"https:\/\/www.interor.fr\/montresdeluxe\/achat-audemars-piguet\/\" target=\"_blank\" \/>\n<area title=\"Rachat Montres A Lange Sohne\" alt=\"Achat Montres Luxe A Lange Sohne\" coords=\"14,5,163,54\" shape=\"rect\" href=\"https:\/\/www.interor.fr\/montresdeluxe\/achat-a-lange-sohne\/\" target=\"_blank\" \/> <\/map>\n<\/div>\n","protected":false},"excerpt":{"rendered":"<p>Comment vendre votre montre de marque de luxe pour en obtenir le meilleur prix ? Demandez-nous une expertise gratuite si vous poss\u00e9dez une montre de luxe des marques : A. Lange &amp; S\u00f6hne | Audemars Piguet | Baume &amp; Mercier&#8230;<\/p>\n","protected":false},"author":3,"featured_media":0,"parent":0,"menu_order":0,"comment_status":"closed","ping_status":"closed","template":"","meta":{"iawp_total_views":98,"footnotes":""},"class_list":["post-2221","page","type-page","status-publish","hentry"],"_links":{"self":[{"href":"https:\/\/www.interor.fr\/montresdeluxe\/wp-json\/wp\/v2\/pages\/2221","targetHints":{"allow":["GET"]}}],"collection":[{"href":"https:\/\/www.interor.fr\/montresdeluxe\/wp-json\/wp\/v2\/pages"}],"about":[{"href":"https:\/\/www.interor.fr\/montresdeluxe\/wp-json\/wp\/v2\/types\/page"}],"author":[{"embeddable":true,"href":"https:\/\/www.interor.fr\/montresdeluxe\/wp-json\/wp\/v2\/users\/3"}],"replies":[{"embeddable":true,"href":"https:\/\/www.interor.fr\/montresdeluxe\/wp-json\/wp\/v2\/comments?post=2221"}],"version-history":[{"count":5,"href":"https:\/\/www.interor.fr\/montresdeluxe\/wp-json\/wp\/v2\/pages\/2221\/revisions"}],"predecessor-version":[{"id":3642,"href":"https:\/\/www.interor.fr\/montresdeluxe\/wp-json\/wp\/v2\/pages\/2221\/revisions\/3642"}],"wp:attachment":[{"href":"https:\/\/www.interor.fr\/montresdeluxe\/wp-json\/wp\/v2\/media?parent=2221"}],"curies":[{"name":"wp","href":"https:\/\/api.w.org\/{rel}","templated":true}]}}