{"id":2,"date":"2017-06-22T15:11:15","date_gmt":"2017-06-22T14:11:15","guid":{"rendered":"https:\/\/www.interor.fr\/actualites\/?page_id=2"},"modified":"2018-03-27T10:16:06","modified_gmt":"2018-03-27T09:16:06","slug":"vendre-son-or-quelques-astuces","status":"publish","type":"page","link":"https:\/\/www.interor.fr\/actualites\/vendre-son-or-quelques-astuces\/","title":{"rendered":"Vendre son or : quelques astuces&#8230;"},"content":{"rendered":"<h1>Quelques astuces pour bien vendre son or<\/h1>\n<p><strong><em>Vous avez certainement vu une des ces annonces publicitaires o\u00fa un personnage fort sympathique vous incite \u00e0 vendre vos bijoux ou pi\u00e8ces d\u2019or\u2026<\/em><\/strong><br \/>\n<strong><em> Mais, au fait, sauriez-vous faire la diff\u00e9rence entre les bureaux d\u2019achat d\u2019or s\u00e9rieux et les opportunistes ?<\/em><\/strong><\/p>\n<p>Port\u00e9e par la croissance de pays forts consommateurs d&rsquo;or (l&rsquo;Inde en particulier, la Chine) et la n\u00e9cessit\u00e9 d\u2019avoir une valeur refuge quand les banques mondiales font tout pour sauver leurs monnaies, la demande en or cro\u00eet tous les jours fortement.<br \/>\nLa demande provient aussi bien des investisseurs qui se rabattent sur l\u2019or par ces temps de crise comme de l\u2019industrie (forte utilisatrice du m\u00e9tal pr\u00e9cieux dans la technologie) ainsi que des particuliers. En face de cela, l\u2019offre qui provient de trois sources principales (les mines d\u2019or, le recyclage et les ventes de lingots des banques centrales) se r\u00e9duit. Tenez pour exemple, les conflits sociaux larv\u00e9s en Afrique du Sud ayant entrain\u00e9s de nombreux morts qui ont r\u00e9duit depuis quelques mois les quantit\u00e9s d\u2019or et de platine extraites. Cons\u00e9quence imm\u00e9diate : le prix d\u00e9colle.<\/p>\n<p>R\u00e9sultat : les vendeurs d\u2019objets en or (pi\u00e8ces, bijoux voire m\u00eame les d\u00e9bris d\u2019or\u2026) sont tr\u00e8s recherch\u00e9s !<\/p>\n<p><strong>Alors, est-ce le moment de c\u00e9der vos bijoux de famille qui ne vous plaisent plus ou qui sont ab\u00eem\u00e9s ?<\/strong><\/p>\n<p>Bien s\u00fbr, le cours de l\u2019or \u00e9tant fluctuant, vous n\u2019avez pas la garantie absolue de vendre au bon moment. S\u2019il grimpe encore, vous auriez d\u00fb patienter. Mais s\u2019il commence \u00e0 prendre la pente fl\u00e9chissante, vous aurez fait la bonne affaire en l\u2019ayant vendu avant la baisse\u2026 Difficile de vous donner le bon tempo !<\/p>\n<h2><strong>La question sempiternelle : comment estimer la valeur de votre bijou ?<\/strong><\/h2>\n<p>Proc\u00e9dez par \u00e9tapes :<br \/>\n<strong><br \/>\na.<\/strong> Si vous l\u2019avez achet\u00e9 en France, il devrait avoir un poin\u00e7on visible (vous le trouverez avec une simple loupe). Par exemple, s\u2019il s\u2019agit d\u2019or \u00e0 750\/1000 (750\u2030) (celui que l\u2019on d\u00e9nomine 18 carats) doit avoir un poin\u00e7on avec une t\u00eate d\u2019aigle.<br \/>\n<strong>b.<\/strong> Si c\u2019est de l\u2019or \u00e0 585 \u2030 ( de l\u2019or \u00e0 14 carats), le poin\u00e7on est une coquille<br \/>\n<strong>c.<\/strong> Pour l\u2019or de 9 carats (375 \u2030), vous devriez trouver un tr\u00e8fle comme poin\u00e7on.<\/p>\n<p>La plupart des bijoux sont en 18 carats donc 750\u2030 d\u2019or et 250 %\u00b0 d\u2019autres m\u00e9taux qui sont pr\u00e9sents dans l\u2019alliage pour rendre l\u2019ensemble plus dur.<\/p>\n<p>Si vous ne trouvez pas de poin\u00e7on dans votre objet en or, pas de panique ! Ce n\u2019est ni un faux ni du \u201cplaqu\u00e9 or\u201d&#8230; sauf si vous avez un poin\u00e7on carr\u00e9 qui est celui du plaqu\u00e9 or !<br \/>\nN\u00e9anmoins, avant toute chose, demandez une expertise \u00e0 un professionnel s\u00e9rieux. Il frottera d\u00e9licatement une petite partie de votre objet \u2013 pour \u00e9valuer sa teneur en or &#8211; sur une pierre de touche, non abrasive (n\u2019ayez crainte pour votre or\u2026) puis versera une goutte d\u2019acide (il y a de l\u2019acide pour l\u2019or 9 carat, 14 ou 18 carats, etc..) sur la trace laiss\u00e9e par le frottement de cet or sur la pierre.<\/p>\n<p><strong>Comment trouver l\u2019acheteur le plus g\u00e9n\u00e9reux pour votre bijou en or ?<\/strong><\/p>\n<p>Evidemment, vous voulez tirer le meilleur parti de cet objet en or et obtenir un maximum d\u2019euros dans cet \u00e9change. Si votre bijou comporte des pierres pr\u00e9cieuses, \u00e9vitez de l\u2019envoyer par correspondance\u00a0 : trouvez un professionnel \u00e9tabli depuis de nombreuses ann\u00e9es car lui saura faire la part des choses et saura \u00e9valuer votre bijou en tant que tel et non uniquement valoriser l\u2019or qu\u2019il contient. Un beau bijou m\u00e9rite une seconde vie, pas uniquement d\u2019\u00eatre repris pour son poids en or.<\/p>\n<p>S\u2019il y a un unique conseil \u00e0 retenir \u00e0 la lecture de cet article, c\u2019est : \u201c<em>allez voir un professionnel \u00e9tabli depuis quelques lustres, un vrai bureau d\u2019achat ayant des experts et pas un opportuniste qui n\u2019a pas de connaissance dans le bijou et ne saura pas prendre en consid\u00e9ration le travail du joailler et des pierres, si ce n\u2019est uniquement pour le poids en or<\/em>.\u201d<\/p>\n<p><strong>Derni\u00e8re astuce mais qui peut faire la diff\u00e9rence :<\/strong><br \/>\nN\u2019h\u00e9sitez pas \u00e0 venir sur Paris vendre votre or car la concurrence entre acheteurs \u00e9tant aig\u00fce, leurs marges commerciales sont plus raisonnables.<br \/>\nCons\u00e9quence : un meilleur prix pour vous !<\/p>\n<p>Nos sources<a href=\"http:\/\/www.interor.fr\" target=\"_blank\" rel=\"noopener\"> : Bureau d\u2019achat d\u2019or : interor.fr<\/a> (Paris, 75014)<\/p>\n<p><strong>BON A SAVOIR :<\/strong><br \/>\nN\u2019oubliez pas que le commer\u00e7ant s\u00e9rieux vous r\u00e9clamera une pi\u00e8ce d\u2019identit\u00e9 et vous remettra une facture d\u2019achat. Le r\u00e8glement de votre vente s\u2019effectuera par ch\u00e8que ou par virement bancaire, le paiement en esp\u00e8ces \u00e9tant interdit depuis le 1er ao\u00fbt 2011 (article L. 112-6 du Code mon\u00e9taire et financier).<\/p>\n<p><strong>A propos de la taxe fiscale de 11,5% en faveur de l\u2019\u00e9tat :<\/strong><br \/>\nCertains sites d\u2019achat d\u2019or en ligne ayant leur si\u00e8ge social \u00e0 l\u2019\u00e9tranger ou dans des paradis fiscaux (vous savez, ces \u00eeles britaniques, par exemple\u2026) risquent de vous placer dans une situation d\u00e9licate, en claire infraction fiscale quand ils vous ach\u00e8tent votre or car vous, le vendeur d\u2019or, \u00eates tenu de d\u00e9clarer cette vente (d\u00e9claration r\u00e9alis\u00e9e par le bureau d\u2019achat fran\u00e7ais pour vous , lors de la remise de la facture).<\/p>\n<h2><a href=\"https:\/\/www.interor.fr\/actualites\/vendre-son-or-quelques-astuces\/achat-et-vente-or-comprendre-la-prime-sur-le-prix-de-lor-au-comptant\/\"><strong>Comprendre la prime sur le prix au comptant<\/strong><\/a><\/h2>\n","protected":false},"excerpt":{"rendered":"<p>Quelques astuces pour bien vendre son or Vous avez certainement vu une des ces annonces publicitaires o\u00fa un personnage fort sympathique vous incite \u00e0 vendre vos bijoux ou pi\u00e8ces d\u2019or\u2026 Mais, au fait, sauriez-vous faire la diff\u00e9rence entre les bureaux d\u2019achat d\u2019or s\u00e9rieux et les opportunistes ? Port\u00e9e par la croissance de pays forts consommateurs &hellip; <a href=\"https:\/\/www.interor.fr\/actualites\/vendre-son-or-quelques-astuces\/\" class=\"more-link\">Continuer la lecture de <span class=\"screen-reader-text\">Vendre son or : quelques astuces&#8230;<\/span><\/a><\/p>\n","protected":false},"author":1,"featured_media":0,"parent":0,"menu_order":1,"comment_status":"open","ping_status":"open","template":"page-disable-sidebar.php","meta":{"iawp_total_views":6,"footnotes":""},"class_list":["post-2","page","type-page","status-publish","hentry"],"_links":{"self":[{"href":"https:\/\/www.interor.fr\/actualites\/wp-json\/wp\/v2\/pages\/2","targetHints":{"allow":["GET"]}}],"collection":[{"href":"https:\/\/www.interor.fr\/actualites\/wp-json\/wp\/v2\/pages"}],"about":[{"href":"https:\/\/www.interor.fr\/actualites\/wp-json\/wp\/v2\/types\/page"}],"author":[{"embeddable":true,"href":"https:\/\/www.interor.fr\/actualites\/wp-json\/wp\/v2\/users\/1"}],"replies":[{"embeddable":true,"href":"https:\/\/www.interor.fr\/actualites\/wp-json\/wp\/v2\/comments?post=2"}],"version-history":[{"count":0,"href":"https:\/\/www.interor.fr\/actualites\/wp-json\/wp\/v2\/pages\/2\/revisions"}],"wp:attachment":[{"href":"https:\/\/www.interor.fr\/actualites\/wp-json\/wp\/v2\/media?parent=2"}],"curies":[{"name":"wp","href":"https:\/\/api.w.org\/{rel}","templated":true}]}}