{"id":1726,"date":"2017-06-22T17:25:28","date_gmt":"2017-06-22T16:25:28","guid":{"rendered":"https:\/\/www.interor.fr\/actualites\/?page_id=1726"},"modified":"2017-06-22T17:25:28","modified_gmt":"2017-06-22T16:25:28","slug":"achat-et-vente-or-comprendre-la-prime-sur-le-prix-de-lor-au-comptant","status":"publish","type":"page","link":"https:\/\/www.interor.fr\/actualites\/vendre-son-or-quelques-astuces\/achat-et-vente-or-comprendre-la-prime-sur-le-prix-de-lor-au-comptant\/","title":{"rendered":"Achat et Vente Or : comprendre la prime sur le prix de l&rsquo;or au comptant"},"content":{"rendered":"<h1>Qu\u2019est-ce que la prime sur le prix au comptant ?<\/h1>\n<p><a href=\"https:\/\/www.interor.fr\/actualites\/vendre-son-or-quelques-astuces\/\"><strong>Le \u00ab prix au comptant \u00bb est le prix du march\u00e9 d&rsquo;un m\u00e9tal pr\u00e9cieux<\/strong><\/a> \u00e0 un moment donn\u00e9, indiqu\u00e9 comme un prix par once. Il peut fluctuer d&rsquo;une minute \u00e0 l&rsquo;autre, comme tout produit n\u00e9goci\u00e9 sur le march\u00e9. La \u00ab prime \u00bb est simplement le co\u00fbt suppl\u00e9mentaire de tout m\u00e9tal pr\u00e9cieux au-dessus du prix au comptant. Donc, si le prix au comptant de l&rsquo;or est de 1197,50 \u20ac l&rsquo;once, tout ce qui est au-dessus de ce chiffre refl\u00e8te le co\u00fbt de gestion de la transaction, telle que la production et la distribution. En outre, il peut y avoir une prime consid\u00e9rable sur le prix au comptant de l\u2019or ou sur le prix au comptant de l\u2019argent pour des articles sp\u00e9ciaux tels que des bijoux, des antiquit\u00e9s, des objets de collection ou des pi\u00e8ces de monnaie ayant une grande valeur numismatique. Concr\u00e8tement, la prime et le prix au comptant constituent le prix total que vous payerez pour tout produit compos\u00e9 d\u2019un m\u00e9tal pr\u00e9cieux.<br \/>\nComprendre la prime sur le prix au comptant est tout aussi important pour les investisseurs que pour les collectionneurs. Les investisseurs veulent naturellement acheter des articles aussi pr\u00e8s que possible du prix au comptant de l\u2019argent ou du prix au comptant de l\u2019or. Cependant, les collectionneurs doivent tout aussi \u00eatre conscients des prix au comptant de l&rsquo;or et de l\u2019argent. Il est imp\u00e9ratif pour un numismate, ou n&rsquo;importe quel collectionneur d&rsquo;art, de comprendre exactement la valeur du prix d&rsquo;achat d&rsquo;un objet de collection face \u00e0 la valeur subjective des mati\u00e8res premi\u00e8res. Conna\u00eetre le prix au comptant de l\u2019argent et le prix au comptant de l\u2019or permet au collectionneur exigeant d\u2019\u00e9valuer l\u2019\u0153uvre s\u00e9par\u00e9ment de la valeur de son support.<\/p>\n<h2>Le prix au comptant de l\u2019or<\/h2>\n<p>Si vous \u00eates un investisseur qui cherche \u00e0 se diversifier dans les lingots d&rsquo;or, <a href=\"https:\/\/www.interor.fr\/cotation_de_l_or.html\"><strong>l&rsquo;achat d&rsquo;or au prix au comptant<\/strong><\/a> peut \u00eatre id\u00e9al, mais il est tr\u00e8s improbable. Il est difficile d&rsquo;acheter exactement au prix au comptant de l\u2019or, car m\u00eame les revendeurs de m\u00e9taux pr\u00e9cieux les plus honn\u00eates et les plus r\u00e9put\u00e9s doivent couvrir leurs frais g\u00e9n\u00e9raux. Les prix au comptant de l&rsquo;or montrent ce qu\u2019un revendeur paie sur le march\u00e9 libre, il y aura donc une l\u00e9g\u00e8re marge. Cependant, si vous suivez les prix au comptant de l&rsquo;or, vous pouvez vous assurer que l&rsquo;entreprise utilise des pratiques commerciales \u00e9quitables. Il est normal de payer un prix un peu au-dessus du prix au comptant de l&rsquo;or, mais un acheteur avis\u00e9 peut prendre la meilleure d\u00e9cision.<br \/>\nLe prix au comptant de l&rsquo;or fluctue d\u2019un instant \u00e0 l\u2019autre, bien s\u00fbr, donc si vous envisagez un gros achat, regardez attentivement le cours au comptant de l&rsquo;or. Un mouvement bien chronom\u00e9tr\u00e9 pourrait vous sauver grandement. Il est facile de suivre le prix au comptant de l\u2019or sur n&rsquo;importe quel site web r\u00e9put\u00e9 comme Inter\u2019Or (https:\/\/www.inter-or.com\/cotation-de-l-or\/).<\/p>\n<h2>Le prix au comptant de l\u2019argent<\/h2>\n<p>L&rsquo;achat de pi\u00e8ces de monnaie ou de lingots exactement au prix au comptant de l\u2019argent est \u00e9galement aussi peu probable que d&rsquo;acheter de l&rsquo;or au comptant, mais un acheteur malin peut obtenir de l\u2019argent plus proche du prix au comptant de l\u2019argent qu&rsquo;avec n\u2019importe quels autres m\u00e9taux pr\u00e9cieux. Pour la simple raison que les prix au comptant de l\u2019argent sont plus bas, les primes sont \u00e9galement plus basses. Ce faible co\u00fbt global fait de ce m\u00e9tal une entr\u00e9e id\u00e9ale dans l&rsquo;investissement dans les m\u00e9taux pr\u00e9cieux. Par exemple, vous pouvez acheter un lingot d\u2019une once d&rsquo;argent pour seulement 0,73 \u20ac l&rsquo;once au-dessus du prix au comptant \u2013 ce qui est beaucoup moins cher qu\u2019une tasse de caf\u00e9 que de nombreuses personnes ach\u00e8tent tous les jours sur le chemin du travail. Cela peut \u00eatre une excellente valeur et une bonne fa\u00e7on de minimiser votre co\u00fbt sur la prime du prix au comptant.<br \/>\nPr\u00eatez \u00e9galement attention au co\u00fbt de l\u2019argent au comptant si vous souhaitez faire un gros achat. Tout comme pour le prix de l\u2019or au comptant, le fait de surveiller les petites fluctuations dans le prix au comptant de l&rsquo;argent est important si vous souhaitez r\u00e9aliser un ajout consid\u00e9rable \u00e0 votre portefeuille de placements d\u2019argent.<br \/>\nAvec l&rsquo;engagement de suivre le prix au comptant de l\u2019argent et le prix au comptant de l\u2019or, une bonne compr\u00e9hension des primes sur les prix pr\u00e9pare un investisseur, m\u00eame nouveau dans le domaine, \u00e0 faire des choix judicieux et des achats intelligents.<\/p>\n<p><a href=\"https:\/\/www.interor.fr\/8-conseils-vendre-or.php\"><img decoding=\"async\" class=\"aligncenter size-full wp-image-1640\" src=\"https:\/\/www.interor.fr\/actualites\/wp-content\/uploads\/Prix-Or-gramme.jpg\" alt=\"Prix Or gramme\" width=\"575\" height=\"300\" srcset=\"https:\/\/www.interor.fr\/actualites\/wp-content\/uploads\/Prix-Or-gramme.jpg 575w, https:\/\/www.interor.fr\/actualites\/wp-content\/uploads\/Prix-Or-gramme-300x157.jpg 300w\" sizes=\"(max-width: 575px) 100vw, 575px\" \/><\/a><\/p>\n","protected":false},"excerpt":{"rendered":"<p>Qu\u2019est-ce que la prime sur le prix au comptant ? Le \u00ab prix au comptant \u00bb est le prix du march\u00e9 d&rsquo;un m\u00e9tal pr\u00e9cieux \u00e0 un moment donn\u00e9, indiqu\u00e9 comme un prix par once. Il peut fluctuer d&rsquo;une minute \u00e0 l&rsquo;autre, comme tout produit n\u00e9goci\u00e9 sur le march\u00e9. La \u00ab prime \u00bb est simplement le &hellip; <a href=\"https:\/\/www.interor.fr\/actualites\/vendre-son-or-quelques-astuces\/achat-et-vente-or-comprendre-la-prime-sur-le-prix-de-lor-au-comptant\/\" class=\"more-link\">Continuer la lecture de <span class=\"screen-reader-text\">Achat et Vente Or : comprendre la prime sur le prix de l&rsquo;or au comptant<\/span><\/a><\/p>\n","protected":false},"author":1,"featured_media":0,"parent":2,"menu_order":0,"comment_status":"closed","ping_status":"closed","template":"page-fullwidth.php","meta":{"iawp_total_views":7,"footnotes":""},"class_list":["post-1726","page","type-page","status-publish","hentry"],"_links":{"self":[{"href":"https:\/\/www.interor.fr\/actualites\/wp-json\/wp\/v2\/pages\/1726","targetHints":{"allow":["GET"]}}],"collection":[{"href":"https:\/\/www.interor.fr\/actualites\/wp-json\/wp\/v2\/pages"}],"about":[{"href":"https:\/\/www.interor.fr\/actualites\/wp-json\/wp\/v2\/types\/page"}],"author":[{"embeddable":true,"href":"https:\/\/www.interor.fr\/actualites\/wp-json\/wp\/v2\/users\/1"}],"replies":[{"embeddable":true,"href":"https:\/\/www.interor.fr\/actualites\/wp-json\/wp\/v2\/comments?post=1726"}],"version-history":[{"count":0,"href":"https:\/\/www.interor.fr\/actualites\/wp-json\/wp\/v2\/pages\/1726\/revisions"}],"up":[{"embeddable":true,"href":"https:\/\/www.interor.fr\/actualites\/wp-json\/wp\/v2\/pages\/2"}],"wp:attachment":[{"href":"https:\/\/www.interor.fr\/actualites\/wp-json\/wp\/v2\/media?parent=1726"}],"curies":[{"name":"wp","href":"https:\/\/api.w.org\/{rel}","templated":true}]}}